{"id":34,"date":"2017-07-08T21:06:08","date_gmt":"2017-07-08T19:06:08","guid":{"rendered":"http:\/\/hsb-hamburg.de\/?page_id=34"},"modified":"2026-04-21T12:12:59","modified_gmt":"2026-04-21T10:12:59","slug":"impressum","status":"publish","type":"page","link":"https:\/\/www.hsb-hamburg.de\/home\/impressum\/","title":{"rendered":"Impressum"},"content":{"rendered":"<p><strong>H<\/strong>austechnik <strong>S<\/strong>. <strong>B<\/strong>\u00f6hling<br \/>\nInh. Sven B\u00f6hling<br \/>\nK\u00f6nigsberger Str. 20<br \/>\n22869 Schenefeld<\/p>\n<p>Mail: website(at)hsb-hamburg.de<br \/>\nInstagram: haustechnik.boehling<\/p>\n","protected":false},"excerpt":{"rendered":"<p>Haustechnik S. B\u00f6hling Inh. Sven B\u00f6hling K\u00f6nigsberger Str. 20 22869 Schenefeld Mail: website(at)hsb-hamburg.de Instagram: haustechnik.boehling<\/p>\n","protected":false},"author":1,"featured_media":0,"parent":0,"menu_order":0,"comment_status":"closed","ping_status":"closed","template":"","meta":{"footnotes":""},"class_list":["post-34","page","type-page","status-publish","hentry"],"_links":{"self":[{"href":"https:\/\/www.hsb-hamburg.de\/home\/wp-json\/wp\/v2\/pages\/34","targetHints":{"allow":["GET"]}}],"collection":[{"href":"https:\/\/www.hsb-hamburg.de\/home\/wp-json\/wp\/v2\/pages"}],"about":[{"href":"https:\/\/www.hsb-hamburg.de\/home\/wp-json\/wp\/v2\/types\/page"}],"author":[{"embeddable":true,"href":"https:\/\/www.hsb-hamburg.de\/home\/wp-json\/wp\/v2\/users\/1"}],"replies":[{"embeddable":true,"href":"https:\/\/www.hsb-hamburg.de\/home\/wp-json\/wp\/v2\/comments?post=34"}],"version-history":[{"count":13,"href":"https:\/\/www.hsb-hamburg.de\/home\/wp-json\/wp\/v2\/pages\/34\/revisions"}],"predecessor-version":[{"id":461,"href":"https:\/\/www.hsb-hamburg.de\/home\/wp-json\/wp\/v2\/pages\/34\/revisions\/461"}],"wp:attachment":[{"href":"https:\/\/www.hsb-hamburg.de\/home\/wp-json\/wp\/v2\/media?parent=34"}],"curies":[{"name":"wp","href":"https:\/\/api.w.org\/{rel}","templated":true}]}}